{"id":6303,"date":"2021-05-07T13:38:11","date_gmt":"2021-05-07T11:38:11","guid":{"rendered":"http:\/\/gerichtsdolmetscher-wien.at\/informacoes-legais\/"},"modified":"2025-05-09T10:31:08","modified_gmt":"2025-05-09T08:31:08","slug":"informacoes-legais","status":"publish","type":"page","link":"https:\/\/gerichtsdolmetscher-wien.at\/pt-pt\/informacoes-legais\/","title":{"rendered":"Informa\u00e7\u00f5es legais"},"content":{"rendered":"\t\t<div data-elementor-type=\"wp-page\" data-elementor-id=\"6303\" class=\"elementor elementor-6303 elementor-4591\" data-elementor-post-type=\"page\">\n\t\t\t\t\t\t<section class=\"elementor-section elementor-top-section elementor-element elementor-element-8108023 elementor-section-boxed elementor-section-height-default elementor-section-height-default\" data-id=\"8108023\" data-element_type=\"section\" data-e-type=\"section\">\n\t\t\t\t\t\t<div class=\"elementor-container elementor-column-gap-default\">\n\t\t\t\t\t<div class=\"elementor-column elementor-col-100 elementor-top-column elementor-element elementor-element-6870da2\" data-id=\"6870da2\" data-element_type=\"column\" data-e-type=\"column\">\n\t\t\t<div class=\"elementor-widget-wrap elementor-element-populated\">\n\t\t\t\t\t\t<div class=\"elementor-element elementor-element-35d65c6 elementor-widget elementor-widget-spacer\" data-id=\"35d65c6\" data-element_type=\"widget\" data-e-type=\"widget\" data-widget_type=\"spacer.default\">\n\t\t\t\t<div class=\"elementor-widget-container\">\n\t\t\t\t\t\t\t<div class=\"elementor-spacer\">\n\t\t\t<div class=\"elementor-spacer-inner\"><\/div>\n\t\t<\/div>\n\t\t\t\t\t\t<\/div>\n\t\t\t\t<\/div>\n\t\t\t\t<div class=\"elementor-element elementor-element-44f6655 elementor-widget elementor-widget-heading\" data-id=\"44f6655\" data-element_type=\"widget\" data-e-type=\"widget\" data-widget_type=\"heading.default\">\n\t\t\t\t<div class=\"elementor-widget-container\">\n\t\t\t\t\t<h1 class=\"elementor-heading-title elementor-size-default\">Informa\u00e7\u00f5es legais<\/h1>\t\t\t\t<\/div>\n\t\t\t\t<\/div>\n\t\t\t\t<div class=\"elementor-element elementor-element-825d396 elementor-widget-divider--view-line elementor-widget elementor-widget-global elementor-global-3945 elementor-widget-divider\" data-id=\"825d396\" data-element_type=\"widget\" data-e-type=\"widget\" data-widget_type=\"divider.default\">\n\t\t\t\t<div class=\"elementor-widget-container\">\n\t\t\t\t\t\t\t<div class=\"elementor-divider\">\n\t\t\t<span class=\"elementor-divider-separator\">\n\t\t\t\t\t\t<\/span>\n\t\t<\/div>\n\t\t\t\t\t\t<\/div>\n\t\t\t\t<\/div>\n\t\t\t\t\t<\/div>\n\t\t<\/div>\n\t\t\t\t\t<\/div>\n\t\t<\/section>\n\t\t\t\t<section class=\"elementor-section elementor-top-section elementor-element elementor-element-08dfc88 elementor-section-boxed elementor-section-height-default elementor-section-height-default\" data-id=\"08dfc88\" data-element_type=\"section\" data-e-type=\"section\">\n\t\t\t\t\t\t<div class=\"elementor-container elementor-column-gap-default\">\n\t\t\t\t\t<div class=\"elementor-column elementor-col-100 elementor-top-column elementor-element elementor-element-e5dd51c\" data-id=\"e5dd51c\" data-element_type=\"column\" data-e-type=\"column\">\n\t\t\t<div class=\"elementor-widget-wrap elementor-element-populated\">\n\t\t\t\t\t\t<div class=\"elementor-element elementor-element-03e3e9d elementor-widget elementor-widget-text-editor\" data-id=\"03e3e9d\" data-element_type=\"widget\" data-e-type=\"widget\" data-widget_type=\"text-editor.default\">\n\t\t\t\t<div class=\"elementor-widget-container\">\n\t\t\t\t\t\t\t\t\t<p>Informa\u00e7\u00f5es de acordo com o Art.\u00ba 5\u00ba da Lei do E-commerce, divulga\u00e7\u00e3o de acordo com o Art.\u00ba 25\u00ba da Lei da Comunica\u00e7\u00e3o Social<\/p>\n\t\t\t\t\t\t\t\t<\/div>\n\t\t\t\t<\/div>\n\t\t\t\t<div class=\"elementor-element elementor-element-90f9697 elementor-widget elementor-widget-text-editor\" data-id=\"90f9697\" data-element_type=\"widget\" data-e-type=\"widget\" data-widget_type=\"text-editor.default\">\n\t\t\t\t<div class=\"elementor-widget-container\">\n\t\t\t\t\t\t\t\t\t<h3><span style=\"vertical-align: inherit\"><span style=\"vertical-align: inherit\">Dr. Dora Saenger da Cruz<\/span><\/span><\/h3><p><strong><span style=\"vertical-align: inherit\"><span style=\"vertical-align: inherit\">Firmensitz:<\/span><\/span><\/strong><br \/><span style=\"vertical-align: inherit\"><span style=\"vertical-align: inherit\"> Thorvaldsengasse 34\/23<\/span><\/span><br \/><span style=\"vertical-align: inherit\"><span style=\"vertical-align: inherit\">A-1120 Wien<\/span><\/span><\/p><p><strong><span style=\"vertical-align: inherit\"><span style=\"vertical-align: inherit\">Telefon:<\/span><\/span><\/strong><span style=\"vertical-align: inherit\"><span style=\"vertical-align: inherit\"> +43 (0) 699 18900884<\/span><\/span><\/p><p><strong><span style=\"vertical-align: inherit\"><span style=\"vertical-align: inherit\">E-Mail:<\/span><\/span><\/strong><span style=\"vertical-align: inherit\"><span style=\"vertical-align: inherit\"> dorascruz@gmx.net<\/span><\/span><\/p><p><strong><span style=\"vertical-align: inherit\"><span style=\"vertical-align: inherit\">Umsatzsteuer-Identifikationsnummer:<\/span><\/span><\/strong><span style=\"vertical-align: inherit\"><span style=\"vertical-align: inherit\"> ATU57336234<\/span><\/span><\/p><p><span style=\"font-size: 16px\"><strong><span style=\"vertical-align: inherit\"><span style=\"vertical-align: inherit\">Verb\u00e4nde: <\/span><\/span><\/strong><br \/><a href=\"https:\/\/www.gerichtsdolmetscher.at\/\"><span style=\"vertical-align: inherit\"><span style=\"vertical-align: inherit\">\u00d6sterreichischer Verband der Gerichtsdolmetscher und -\u00fcbersetzer <\/span><\/span><\/a><br \/><\/span><span style=\"font-size: 16px\"><a href=\"https:\/\/www.universitas.org\/\"><span style=\"vertical-align: inherit\"><span style=\"vertical-align: inherit\">Universitas &#8211; Berufsverband der \u00dcbersetzer und Dolmetscher<\/span><\/span><\/a><br \/><\/span><span style=\"font-size: 16px\"><span style=\"vertical-align: inherit\"><span style=\"vertical-align: inherit\"> Wirtschaftskammer \u00d6sterreich<\/span><\/span><\/span><\/p><p><strong><span style=\"vertical-align: inherit\"><span style=\"vertical-align: inherit\">Verantwortlich f\u00fcr den Inhalt:<\/span><\/span><\/strong><br \/><span style=\"vertical-align: inherit\"><span style=\"vertical-align: inherit\"> Dr. Dora Saenger da Cruz <\/span><\/span><br \/><span style=\"vertical-align: inherit\"><span style=\"vertical-align: inherit\">(Anschrift siehe oben)<\/span><\/span><\/p><div class=\"sixteen columns \"><strong><span style=\"vertical-align: inherit\"><span style=\"vertical-align: inherit\">Fotos:<\/span><\/span><br \/><\/strong><span style=\"vertical-align: inherit\"><span style=\"vertical-align: inherit\"> Thorsten Vincetic Photography eU<\/span><\/span><\/div><div class=\"sixteen columns \">\u00a0<\/div><div class=\"sixteen columns \"><b><span style=\"vertical-align: inherit\"><span style=\"vertical-align: inherit\">Website:\u00a0 <\/span><\/span><br \/><\/b><span style=\"font-size: 16px\"><span style=\"vertical-align: inherit\"><span style=\"vertical-align: inherit\">Diese Website wurde erstellt von <\/span><\/span><\/span><a style=\"font-size: 16px;background-color: #ffffff\" href=\"https:\/\/www.limesoda.com\/websites\/wordpress\"><span style=\"vertical-align: inherit\"><span style=\"vertical-align: inherit\">der WordPress Agentur LimeSoda<\/span><\/span><\/a><\/div><div class=\"sixteen columns \">\u00a0<\/div><div class=\"sixteen columns \"><p class=\"MsoNormal\" style=\"margin-bottom: 19.0pt !msorm;text-align: center !msorm;line-height: normal\"><strong><span lang=\"PT-BR\"><span style=\"vertical-align: inherit\"><span style=\"vertical-align: inherit\">Logo:<\/span><\/span><\/span><\/strong><\/p><p><span style=\"vertical-align: inherit\"><span style=\"vertical-align: inherit\">Kommunizieren \u2013 Tania Amaral<\/span><\/span><\/p><\/div>\t\t\t\t\t\t\t\t<\/div>\n\t\t\t\t<\/div>\n\t\t\t\t<div class=\"elementor-element elementor-element-20855d5 elementor-widget elementor-widget-spacer\" data-id=\"20855d5\" data-element_type=\"widget\" data-e-type=\"widget\" data-widget_type=\"spacer.default\">\n\t\t\t\t<div class=\"elementor-widget-container\">\n\t\t\t\t\t\t\t<div class=\"elementor-spacer\">\n\t\t\t<div class=\"elementor-spacer-inner\"><\/div>\n\t\t<\/div>\n\t\t\t\t\t\t<\/div>\n\t\t\t\t<\/div>\n\t\t\t\t\t<\/div>\n\t\t<\/div>\n\t\t\t\t\t<\/div>\n\t\t<\/section>\n\t\t\t\t<section class=\"elementor-section elementor-top-section elementor-element elementor-element-b6ec49a elementor-section-boxed elementor-section-height-default elementor-section-height-default\" data-id=\"b6ec49a\" data-element_type=\"section\" data-e-type=\"section\">\n\t\t\t\t\t\t<div class=\"elementor-container elementor-column-gap-default\">\n\t\t\t\t\t<div class=\"elementor-column elementor-col-100 elementor-top-column elementor-element elementor-element-f617c0e\" data-id=\"f617c0e\" data-element_type=\"column\" data-e-type=\"column\">\n\t\t\t<div class=\"elementor-widget-wrap elementor-element-populated\">\n\t\t\t\t\t\t<div class=\"elementor-element elementor-element-816c158 elementor-widget elementor-widget-text-editor\" data-id=\"816c158\" data-element_type=\"widget\" data-e-type=\"widget\" data-widget_type=\"text-editor.default\">\n\t\t\t\t<div class=\"elementor-widget-container\">\n\t\t\t\t\t\t\t\t\t<h4><strong>Insen\u00e7\u00e3o de responsabilidade<\/strong><\/h4>\n<p><strong>Conte\u00fado oferecido online:<\/strong><i><br \/><\/i>A operadora n\u00e3o assume qualquer responsabilidade pela exatid\u00e3o e integridade do conte\u00fado oferecido online.<\/p>\n<p>Reivindica\u00e7\u00f5es de responsabilidade contra o autor ou a operadora ser\u00e3o expressamente ignoradas. As informa\u00e7\u00f5es contidas n\u00e3o s\u00e3o vinculativas e s\u00e3o gratuitas.<\/p>\n<p><strong>Links:<\/strong><i><br \/><\/i>O autor ou a operadora n\u00e3o assume qualquer responsabilidade pelo conte\u00fado de sites de refer\u00eancia fora do conte\u00fado oferecido online.<\/p>\n<p><strong>Direitos de autor:<\/strong><i><br \/><\/i>Todos os conte\u00fados, fotografias e textos s\u00e3o protegidos por direitos de autor e n\u00e3o podem ser usados de forma alguma sem a autoriza\u00e7\u00e3o expressa da operadora e do autor.<\/p>\n<p><strong>Outros:<\/strong><br \/>N\u00e3o \u00e9 dada qualquer garantia relativamente \u00e0 atualidade e exatid\u00e3o dos conte\u00fados. Os conte\u00fados das p\u00e1ginas linkadas s\u00e3o da inteira responsabilidade do propriet\u00e1rio da respetiva p\u00e1gina.<\/p>\n<h4>Google Analytics:<\/h4>\n<p>Este site usa o Google Analytics, servi\u00e7o de an\u00e1lise da web fornecido pela Google Inc. (\u201cGoogle\u201d). O Google Analytics utiliza os chamados &#8220;cookies&#8221;, ficheiros de texto que s\u00e3o armazenados no seu computador e que permitem a an\u00e1lise do seu uso do site. As informa\u00e7\u00f5es geradas pelo cookie sobre o uso deste site (incluindo o seu endere\u00e7o de IP) s\u00e3o transmitidas a um servidor da Google nos EUA e l\u00e1 armazenadas.<br \/>A Google utiliza essas informa\u00e7\u00f5es para avaliar o uso do site, compilar relat\u00f3rios sobre a atividade do site para a operadora do site e fornecer outros servi\u00e7os relacionados com o uso do site e da internet.<br \/>A Google tamb\u00e9m pode transmitir essas informa\u00e7\u00f5es a terceiros, se exigido por lei ou no caso do processamento desses dados por terceiros em nome da Google. O seu endere\u00e7o de IP n\u00e3o ser\u00e1 em hip\u00f3tese alguma misturado com outros dados fornecidos pelo Google.<br \/>Pode impedir a instala\u00e7\u00e3o de cookies configurando o software do navegador nesse sentido. No entanto, ressaltamos que, neste caso, pode acontecer que nem todos os recursos deste site sejam totalmente explorados.<br \/>Ao utilizar este site, concorda com o processamento dos dados recolhidos sobre si pelo Google da forma descrita acima e para os fins acima indicados.<\/p>\n<h4 class=\"sixteen columns \"><strong style=\"font-size: 16px\">Pol\u00edtica de Privacidade:<\/strong><\/h4>\n<div>\n<p>Aceda \u00e0 Pol\u00edtica de Privacidade\u00a0<a href=\"https:\/\/gerichtsdolmetscher-wien.at\/pt-pt\/protecao-de-dados\/\">aqui<\/a><\/p>\n<\/div>\n\t\t\t\t\t\t\t\t<\/div>\n\t\t\t\t<\/div>\n\t\t\t\t\t<\/div>\n\t\t<\/div>\n\t\t\t\t\t<\/div>\n\t\t<\/section>\n\t\t\t\t<\/div>\n\t\t","protected":false},"excerpt":{"rendered":"<p>Informa\u00e7\u00f5es legais Informa\u00e7\u00f5es de acordo com o Art.\u00ba 5\u00ba da Lei do E-commerce, divulga\u00e7\u00e3o de acordo com o Art.\u00ba 25\u00ba da Lei da Comunica\u00e7\u00e3o Social Dr. Dora Saenger da Cruz Firmensitz: Thorvaldsengasse 34\/23A-1120 Wien Telefon: +43 (0) 699 18900884 E-Mail: dorascruz@gmx.net Umsatzsteuer-Identifikationsnummer: ATU57336234 Verb\u00e4nde: \u00d6sterreichischer Verband der Gerichtsdolmetscher und -\u00fcbersetzer Universitas &#8211; Berufsverband der \u00dcbersetzer [&hellip;]<\/p>\n","protected":false},"author":3,"featured_media":0,"parent":0,"menu_order":0,"comment_status":"closed","ping_status":"closed","template":"","meta":{"_uag_custom_page_level_css":"","site-sidebar-layout":"no-sidebar","site-content-layout":"page-builder","ast-site-content-layout":"default","site-content-style":"default","site-sidebar-style":"default","ast-global-header-display":"","ast-banner-title-visibility":"","ast-main-header-display":"","ast-hfb-above-header-display":"","ast-hfb-below-header-display":"","ast-hfb-mobile-header-display":"","site-post-title":"disabled","ast-breadcrumbs-content":"","ast-featured-img":"disabled","footer-sml-layout":"","ast-disable-related-posts":"","theme-transparent-header-meta":"default","adv-header-id-meta":"","stick-header-meta":"default","header-above-stick-meta":"","header-main-stick-meta":"","header-below-stick-meta":"","astra-migrate-meta-layouts":"default","ast-page-background-enabled":"default","ast-page-background-meta":{"desktop":{"background-color":"","background-image":"","background-repeat":"repeat","background-position":"center center","background-size":"auto","background-attachment":"scroll","background-type":"","background-media":"","overlay-type":"","overlay-color":"","overlay-opacity":"","overlay-gradient":""},"tablet":{"background-color":"","background-image":"","background-repeat":"repeat","background-position":"center center","background-size":"auto","background-attachment":"scroll","background-type":"","background-media":"","overlay-type":"","overlay-color":"","overlay-opacity":"","overlay-gradient":""},"mobile":{"background-color":"","background-image":"","background-repeat":"repeat","background-position":"center center","background-size":"auto","background-attachment":"scroll","background-type":"","background-media":"","overlay-type":"","overlay-color":"","overlay-opacity":"","overlay-gradient":""}},"ast-content-background-meta":{"desktop":{"background-color":"var(--ast-global-color-5)","background-image":"","background-repeat":"repeat","background-position":"center center","background-size":"auto","background-attachment":"scroll","background-type":"","background-media":"","overlay-type":"","overlay-color":"","overlay-opacity":"","overlay-gradient":""},"tablet":{"background-color":"var(--ast-global-color-5)","background-image":"","background-repeat":"repeat","background-position":"center center","background-size":"auto","background-attachment":"scroll","background-type":"","background-media":"","overlay-type":"","overlay-color":"","overlay-opacity":"","overlay-gradient":""},"mobile":{"background-color":"var(--ast-global-color-5)","background-image":"","background-repeat":"repeat","background-position":"center center","background-size":"auto","background-attachment":"scroll","background-type":"","background-media":"","overlay-type":"","overlay-color":"","overlay-opacity":"","overlay-gradient":""}},"footnotes":""},"class_list":["post-6303","page","type-page","status-publish","hentry"],"yoast_head":"<!-- This site is optimized with the Yoast SEO plugin v27.4 - https:\/\/yoast.com\/product\/yoast-seo-wordpress\/ -->\n<title>Informa\u00e7\u00f5es legais<\/title>\n<meta name=\"robots\" content=\"index, follow, max-snippet:-1, max-image-preview:large, max-video-preview:-1\" \/>\n<link rel=\"canonical\" href=\"https:\/\/gerichtsdolmetscher-wien.at\/pt-pt\/informacoes-legais\/\" \/>\n<meta property=\"og:locale\" content=\"pt_PT\" \/>\n<meta property=\"og:type\" content=\"article\" \/>\n<meta property=\"og:title\" content=\"Informa\u00e7\u00f5es legais\" \/>\n<meta property=\"og:description\" content=\"Informa\u00e7\u00f5es legais Informa\u00e7\u00f5es de acordo com o Art.\u00ba 5\u00ba da Lei do E-commerce, divulga\u00e7\u00e3o de acordo com o Art.\u00ba 25\u00ba da Lei da Comunica\u00e7\u00e3o Social Dr. Dora Saenger da Cruz Firmensitz: Thorvaldsengasse 34\/23A-1120 Wien Telefon: +43 (0) 699 18900884 E-Mail: dorascruz@gmx.net Umsatzsteuer-Identifikationsnummer: ATU57336234 Verb\u00e4nde: \u00d6sterreichischer Verband der Gerichtsdolmetscher und -\u00fcbersetzer Universitas &#8211; Berufsverband der \u00dcbersetzer [&hellip;]\" \/>\n<meta property=\"og:url\" content=\"https:\/\/gerichtsdolmetscher-wien.at\/pt-pt\/informacoes-legais\/\" \/>\n<meta property=\"og:site_name\" content=\"Gerichtsdolmetscher Wien\" \/>\n<meta property=\"article:modified_time\" content=\"2025-05-09T08:31:08+00:00\" \/>\n<meta name=\"twitter:card\" content=\"summary_large_image\" \/>\n<meta name=\"twitter:label1\" content=\"Tempo estimado de leitura\" \/>\n\t<meta name=\"twitter:data1\" content=\"3 minutos\" \/>\n<script type=\"application\/ld+json\" class=\"yoast-schema-graph\">{\"@context\":\"https:\\\/\\\/schema.org\",\"@graph\":[{\"@type\":\"WebPage\",\"@id\":\"https:\\\/\\\/gerichtsdolmetscher-wien.at\\\/pt-pt\\\/informacoes-legais\\\/\",\"url\":\"https:\\\/\\\/gerichtsdolmetscher-wien.at\\\/pt-pt\\\/informacoes-legais\\\/\",\"name\":\"Informa\u00e7\u00f5es legais\",\"isPartOf\":{\"@id\":\"https:\\\/\\\/gerichtsdolmetscher-wien.at\\\/pt-pt\\\/#website\"},\"datePublished\":\"2021-05-07T11:38:11+00:00\",\"dateModified\":\"2025-05-09T08:31:08+00:00\",\"breadcrumb\":{\"@id\":\"https:\\\/\\\/gerichtsdolmetscher-wien.at\\\/pt-pt\\\/informacoes-legais\\\/#breadcrumb\"},\"inLanguage\":\"pt-PT\",\"potentialAction\":[{\"@type\":\"ReadAction\",\"target\":[\"https:\\\/\\\/gerichtsdolmetscher-wien.at\\\/pt-pt\\\/informacoes-legais\\\/\"]}]},{\"@type\":\"BreadcrumbList\",\"@id\":\"https:\\\/\\\/gerichtsdolmetscher-wien.at\\\/pt-pt\\\/informacoes-legais\\\/#breadcrumb\",\"itemListElement\":[{\"@type\":\"ListItem\",\"position\":1,\"name\":\"In\u00edcio\",\"item\":\"https:\\\/\\\/gerichtsdolmetscher-wien.at\\\/pt-pt\\\/home\\\/\"},{\"@type\":\"ListItem\",\"position\":2,\"name\":\"Informa\u00e7\u00f5es legais\"}]},{\"@type\":\"WebSite\",\"@id\":\"https:\\\/\\\/gerichtsdolmetscher-wien.at\\\/pt-pt\\\/#website\",\"url\":\"https:\\\/\\\/gerichtsdolmetscher-wien.at\\\/pt-pt\\\/\",\"name\":\"Gerichtsdolmetscher Wien\",\"description\":\"Ihr \u00dcbersetzungsb\u00fcro in Wien\",\"publisher\":{\"@id\":\"https:\\\/\\\/gerichtsdolmetscher-wien.at\\\/pt-pt\\\/#organization\"},\"potentialAction\":[{\"@type\":\"SearchAction\",\"target\":{\"@type\":\"EntryPoint\",\"urlTemplate\":\"https:\\\/\\\/gerichtsdolmetscher-wien.at\\\/pt-pt\\\/?s={search_term_string}\"},\"query-input\":{\"@type\":\"PropertyValueSpecification\",\"valueRequired\":true,\"valueName\":\"search_term_string\"}}],\"inLanguage\":\"pt-PT\"},{\"@type\":\"Organization\",\"@id\":\"https:\\\/\\\/gerichtsdolmetscher-wien.at\\\/pt-pt\\\/#organization\",\"name\":\"Gerichtsdolmetscher Wien\",\"url\":\"https:\\\/\\\/gerichtsdolmetscher-wien.at\\\/pt-pt\\\/\",\"logo\":{\"@type\":\"ImageObject\",\"inLanguage\":\"pt-PT\",\"@id\":\"https:\\\/\\\/gerichtsdolmetscher-wien.at\\\/pt-pt\\\/#\\\/schema\\\/logo\\\/image\\\/\",\"url\":\"https:\\\/\\\/gerichtsdolmetscher-wien.at\\\/wp-content\\\/uploads\\\/sites\\\/2\\\/2020\\\/10\\\/doraDE-nob-3.png\",\"contentUrl\":\"https:\\\/\\\/gerichtsdolmetscher-wien.at\\\/wp-content\\\/uploads\\\/sites\\\/2\\\/2020\\\/10\\\/doraDE-nob-3.png\",\"width\":967,\"height\":335,\"caption\":\"Gerichtsdolmetscher Wien\"},\"image\":{\"@id\":\"https:\\\/\\\/gerichtsdolmetscher-wien.at\\\/pt-pt\\\/#\\\/schema\\\/logo\\\/image\\\/\"}}]}<\/script>\n<!-- \/ Yoast SEO plugin. -->","yoast_head_json":{"title":"Informa\u00e7\u00f5es legais","robots":{"index":"index","follow":"follow","max-snippet":"max-snippet:-1","max-image-preview":"max-image-preview:large","max-video-preview":"max-video-preview:-1"},"canonical":"https:\/\/gerichtsdolmetscher-wien.at\/pt-pt\/informacoes-legais\/","og_locale":"pt_PT","og_type":"article","og_title":"Informa\u00e7\u00f5es legais","og_description":"Informa\u00e7\u00f5es legais Informa\u00e7\u00f5es de acordo com o Art.\u00ba 5\u00ba da Lei do E-commerce, divulga\u00e7\u00e3o de acordo com o Art.\u00ba 25\u00ba da Lei da Comunica\u00e7\u00e3o Social Dr. Dora Saenger da Cruz Firmensitz: Thorvaldsengasse 34\/23A-1120 Wien Telefon: +43 (0) 699 18900884 E-Mail: dorascruz@gmx.net Umsatzsteuer-Identifikationsnummer: ATU57336234 Verb\u00e4nde: \u00d6sterreichischer Verband der Gerichtsdolmetscher und -\u00fcbersetzer Universitas &#8211; Berufsverband der \u00dcbersetzer [&hellip;]","og_url":"https:\/\/gerichtsdolmetscher-wien.at\/pt-pt\/informacoes-legais\/","og_site_name":"Gerichtsdolmetscher Wien","article_modified_time":"2025-05-09T08:31:08+00:00","twitter_card":"summary_large_image","twitter_misc":{"Tempo estimado de leitura":"3 minutos"},"schema":{"@context":"https:\/\/schema.org","@graph":[{"@type":"WebPage","@id":"https:\/\/gerichtsdolmetscher-wien.at\/pt-pt\/informacoes-legais\/","url":"https:\/\/gerichtsdolmetscher-wien.at\/pt-pt\/informacoes-legais\/","name":"Informa\u00e7\u00f5es legais","isPartOf":{"@id":"https:\/\/gerichtsdolmetscher-wien.at\/pt-pt\/#website"},"datePublished":"2021-05-07T11:38:11+00:00","dateModified":"2025-05-09T08:31:08+00:00","breadcrumb":{"@id":"https:\/\/gerichtsdolmetscher-wien.at\/pt-pt\/informacoes-legais\/#breadcrumb"},"inLanguage":"pt-PT","potentialAction":[{"@type":"ReadAction","target":["https:\/\/gerichtsdolmetscher-wien.at\/pt-pt\/informacoes-legais\/"]}]},{"@type":"BreadcrumbList","@id":"https:\/\/gerichtsdolmetscher-wien.at\/pt-pt\/informacoes-legais\/#breadcrumb","itemListElement":[{"@type":"ListItem","position":1,"name":"In\u00edcio","item":"https:\/\/gerichtsdolmetscher-wien.at\/pt-pt\/home\/"},{"@type":"ListItem","position":2,"name":"Informa\u00e7\u00f5es legais"}]},{"@type":"WebSite","@id":"https:\/\/gerichtsdolmetscher-wien.at\/pt-pt\/#website","url":"https:\/\/gerichtsdolmetscher-wien.at\/pt-pt\/","name":"Gerichtsdolmetscher Wien","description":"Ihr \u00dcbersetzungsb\u00fcro in Wien","publisher":{"@id":"https:\/\/gerichtsdolmetscher-wien.at\/pt-pt\/#organization"},"potentialAction":[{"@type":"SearchAction","target":{"@type":"EntryPoint","urlTemplate":"https:\/\/gerichtsdolmetscher-wien.at\/pt-pt\/?s={search_term_string}"},"query-input":{"@type":"PropertyValueSpecification","valueRequired":true,"valueName":"search_term_string"}}],"inLanguage":"pt-PT"},{"@type":"Organization","@id":"https:\/\/gerichtsdolmetscher-wien.at\/pt-pt\/#organization","name":"Gerichtsdolmetscher Wien","url":"https:\/\/gerichtsdolmetscher-wien.at\/pt-pt\/","logo":{"@type":"ImageObject","inLanguage":"pt-PT","@id":"https:\/\/gerichtsdolmetscher-wien.at\/pt-pt\/#\/schema\/logo\/image\/","url":"https:\/\/gerichtsdolmetscher-wien.at\/wp-content\/uploads\/sites\/2\/2020\/10\/doraDE-nob-3.png","contentUrl":"https:\/\/gerichtsdolmetscher-wien.at\/wp-content\/uploads\/sites\/2\/2020\/10\/doraDE-nob-3.png","width":967,"height":335,"caption":"Gerichtsdolmetscher Wien"},"image":{"@id":"https:\/\/gerichtsdolmetscher-wien.at\/pt-pt\/#\/schema\/logo\/image\/"}}]}},"uagb_featured_image_src":{"full":false,"thumbnail":false,"medium":false,"medium_large":false,"large":false,"1536x1536":false,"2048x2048":false,"gform-image-choice-sm":false,"gform-image-choice-md":false,"gform-image-choice-lg":false},"uagb_author_info":{"display_name":"","author_link":"https:\/\/gerichtsdolmetscher-wien.at\/pt-pt\/blog\/author\/"},"uagb_comment_info":0,"uagb_excerpt":"Informa\u00e7\u00f5es legais Informa\u00e7\u00f5es de acordo com o Art.\u00ba 5\u00ba da Lei do E-commerce, divulga\u00e7\u00e3o de acordo com o Art.\u00ba 25\u00ba da Lei da Comunica\u00e7\u00e3o Social Dr. Dora Saenger da Cruz Firmensitz: Thorvaldsengasse 34\/23A-1120 Wien Telefon: +43 (0) 699 18900884 E-Mail: dorascruz@gmx.net Umsatzsteuer-Identifikationsnummer: ATU57336234 Verb\u00e4nde: \u00d6sterreichischer Verband der Gerichtsdolmetscher und -\u00fcbersetzer Universitas &#8211; Berufsverband der \u00dcbersetzer&hellip;","_links":{"self":[{"href":"https:\/\/gerichtsdolmetscher-wien.at\/pt-pt\/wp-json\/wp\/v2\/pages\/6303","targetHints":{"allow":["GET"]}}],"collection":[{"href":"https:\/\/gerichtsdolmetscher-wien.at\/pt-pt\/wp-json\/wp\/v2\/pages"}],"about":[{"href":"https:\/\/gerichtsdolmetscher-wien.at\/pt-pt\/wp-json\/wp\/v2\/types\/page"}],"author":[{"embeddable":true,"href":"https:\/\/gerichtsdolmetscher-wien.at\/pt-pt\/wp-json\/wp\/v2\/users\/3"}],"replies":[{"embeddable":true,"href":"https:\/\/gerichtsdolmetscher-wien.at\/pt-pt\/wp-json\/wp\/v2\/comments?post=6303"}],"version-history":[{"count":9,"href":"https:\/\/gerichtsdolmetscher-wien.at\/pt-pt\/wp-json\/wp\/v2\/pages\/6303\/revisions"}],"predecessor-version":[{"id":6654,"href":"https:\/\/gerichtsdolmetscher-wien.at\/pt-pt\/wp-json\/wp\/v2\/pages\/6303\/revisions\/6654"}],"wp:attachment":[{"href":"https:\/\/gerichtsdolmetscher-wien.at\/pt-pt\/wp-json\/wp\/v2\/media?parent=6303"}],"curies":[{"name":"wp","href":"https:\/\/api.w.org\/{rel}","templated":true}]}}