{"id":6301,"date":"2021-05-07T13:37:58","date_gmt":"2021-05-07T11:37:58","guid":{"rendered":"http:\/\/gerichtsdolmetscher-wien.at\/protecao-de-dados\/"},"modified":"2025-05-09T10:35:08","modified_gmt":"2025-05-09T08:35:08","slug":"protecao-de-dados","status":"publish","type":"page","link":"https:\/\/gerichtsdolmetscher-wien.at\/pt-pt\/protecao-de-dados\/","title":{"rendered":"Prote\u00e7\u00e3o de dados"},"content":{"rendered":"\t\t<div data-elementor-type=\"wp-page\" data-elementor-id=\"6301\" class=\"elementor elementor-6301 elementor-4589\" data-elementor-post-type=\"page\">\n\t\t\t\t\t\t<section class=\"elementor-section elementor-top-section elementor-element elementor-element-fa0210d elementor-section-boxed elementor-section-height-default elementor-section-height-default\" data-id=\"fa0210d\" data-element_type=\"section\" data-e-type=\"section\">\n\t\t\t\t\t\t<div class=\"elementor-container elementor-column-gap-default\">\n\t\t\t\t\t<div class=\"elementor-column elementor-col-100 elementor-top-column elementor-element elementor-element-0668e48\" data-id=\"0668e48\" data-element_type=\"column\" data-e-type=\"column\">\n\t\t\t<div class=\"elementor-widget-wrap elementor-element-populated\">\n\t\t\t\t\t\t<div class=\"elementor-element elementor-element-da01065 elementor-widget elementor-widget-spacer\" data-id=\"da01065\" data-element_type=\"widget\" data-e-type=\"widget\" data-widget_type=\"spacer.default\">\n\t\t\t\t<div class=\"elementor-widget-container\">\n\t\t\t\t\t\t\t<div class=\"elementor-spacer\">\n\t\t\t<div class=\"elementor-spacer-inner\"><\/div>\n\t\t<\/div>\n\t\t\t\t\t\t<\/div>\n\t\t\t\t<\/div>\n\t\t\t\t<div class=\"elementor-element elementor-element-42e45d7 elementor-widget elementor-widget-heading\" data-id=\"42e45d7\" data-element_type=\"widget\" data-e-type=\"widget\" data-widget_type=\"heading.default\">\n\t\t\t\t<div class=\"elementor-widget-container\">\n\t\t\t\t\t<h2 class=\"elementor-heading-title elementor-size-default\">Pol\u00edtica de Privacidade da Dra. Dora Saenger da Cruz<\/h2>\t\t\t\t<\/div>\n\t\t\t\t<\/div>\n\t\t\t\t<div class=\"elementor-element elementor-element-38b0550 elementor-widget elementor-widget-text-editor\" data-id=\"38b0550\" data-element_type=\"widget\" data-e-type=\"widget\" data-widget_type=\"text-editor.default\">\n\t\t\t\t<div class=\"elementor-widget-container\">\n\t\t\t\t\t\t\t\t\t<p>A Dra. Dora Saenger da Cruz reconhece plenamente a import\u00e2ncia de proteger os seus dados pessoais. Neste sentido, este site processa os seus dados exclusivamente com base nas disposi\u00e7\u00f5es legais (RGPD, Lei das Telecomunica\u00e7\u00f5es 2003). Com esta declara\u00e7\u00e3o, a Dra. Dora Saenger da Cruz mostra como s\u00e3o tratados os dados recolhidos atrav\u00e9s deste site www.gerichtsdolmetscher-wien.at.<\/p>\n<p>Os dados pessoais, incluindo apelido, nome, morada, e-mail, n\u00famero de telefone e fax, s\u00e3o guardados com a seguinte base jur\u00eddica:<\/p>\n<ul>\n<li>Zur Para o cumprimento de obriga\u00e7\u00f5es contratuais consigo<\/li>\n<li>Obriga\u00e7\u00f5es estatu\u00e1rias, contratuais e outras obriga\u00e7\u00f5es legais (como obriga\u00e7\u00f5es de armazenagem de acordo com as normas contabil\u00edsticas, de direito fiscal, etc.), bem como o Art.\u00ba 96\u00ba da Lei das Telecomunica\u00e7\u00f5es<\/li>\n<li>Interesse leg\u00edtimo em melhorar os nossos servi\u00e7os<\/li>\n<\/ul>\n\t\t\t\t\t\t\t\t<\/div>\n\t\t\t\t<\/div>\n\t\t\t\t<div class=\"elementor-element elementor-element-4108fa7 elementor-widget elementor-widget-heading\" data-id=\"4108fa7\" data-element_type=\"widget\" data-e-type=\"widget\" data-widget_type=\"heading.default\">\n\t\t\t\t<div class=\"elementor-widget-container\">\n\t\t\t\t\t<h2 class=\"elementor-heading-title elementor-size-default\">Contacte a Dra. Dora Saenger da Cruz<\/h2>\t\t\t\t<\/div>\n\t\t\t\t<\/div>\n\t\t\t\t<div class=\"elementor-element elementor-element-b3f3a99 elementor-widget elementor-widget-text-editor\" data-id=\"b3f3a99\" data-element_type=\"widget\" data-e-type=\"widget\" data-widget_type=\"text-editor.default\">\n\t\t\t\t<div class=\"elementor-widget-container\">\n\t\t\t\t\t\t\t\t\t<p>Ao entrar em contato com a Dra. Dora Saenger da Cruz, os dados fornecidos ser\u00e3o armazenados para efeitos de processamento da solicita\u00e7\u00e3o e para o caso de esclarecimento de d\u00favidas. Esses dados n\u00e3o ser\u00e3o repassados sem o seu consentimento. Al\u00e9m disso, em nenhuma circunst\u00e2ncia solicitaremos o envio de informa\u00e7\u00f5es financeiras.<\/p>\n\t\t\t\t\t\t\t\t<\/div>\n\t\t\t\t<\/div>\n\t\t\t\t<div class=\"elementor-element elementor-element-8d7c638 elementor-widget elementor-widget-heading\" data-id=\"8d7c638\" data-element_type=\"widget\" data-e-type=\"widget\" data-widget_type=\"heading.default\">\n\t\t\t\t<div class=\"elementor-widget-container\">\n\t\t\t\t\t<h2 class=\"elementor-heading-title elementor-size-default\">Cookies<\/h2>\t\t\t\t<\/div>\n\t\t\t\t<\/div>\n\t\t\t\t<div class=\"elementor-element elementor-element-90d7cbd elementor-widget elementor-widget-text-editor\" data-id=\"90d7cbd\" data-element_type=\"widget\" data-e-type=\"widget\" data-widget_type=\"text-editor.default\">\n\t\t\t\t<div class=\"elementor-widget-container\">\n\t\t\t\t\t\t\t\t\t<p>Este site usa os chamados cookies. Trata-se de pequenos ficheiros de texto descarregados pelo seu dispositivo de acesso, atrav\u00e9s do navegador de internet. Eles s\u00e3o inofensivos.<\/p>\n<p>Este site usa cookies para facilitar o acesso \u00e0 rela\u00e7\u00e3o de servi\u00e7os prestados. Alguns cookies permanecer\u00e3o armazenados no seu dispositivo at\u00e9 que os exclua. Isso permite que o seu navegador de internet seja reconhecido na sua pr\u00f3xima visita ao site.<\/p>\n<p>Se n\u00e3o quiser que isto aconte\u00e7a, pode configurar o seu navegador de internet de forma a inform\u00e1-lo sobre a configura\u00e7\u00e3o dos cookies e, assim, autorizar apenas os que desejar.<\/p>\n<p>Se os cookies forem desativados, a funcionalidade deste site pode ficar comprometida.<\/p>\n\t\t\t\t\t\t\t\t<\/div>\n\t\t\t\t<\/div>\n\t\t\t\t<div class=\"elementor-element elementor-element-a4facf9 elementor-widget elementor-widget-heading\" data-id=\"a4facf9\" data-element_type=\"widget\" data-e-type=\"widget\" data-widget_type=\"heading.default\">\n\t\t\t\t<div class=\"elementor-widget-container\">\n\t\t\t\t\t<h2 class=\"elementor-heading-title elementor-size-default\">An\u00e1lise da Web<\/h2>\t\t\t\t<\/div>\n\t\t\t\t<\/div>\n\t\t\t\t<div class=\"elementor-element elementor-element-271b28f elementor-widget elementor-widget-text-editor\" data-id=\"271b28f\" data-element_type=\"widget\" data-e-type=\"widget\" data-widget_type=\"text-editor.default\">\n\t\t\t\t<div class=\"elementor-widget-container\">\n\t\t\t\t\t\t\t\t\t<p>Este site usa recursos do servi\u00e7o de an\u00e1lise da web Google Analytics, fornecido pela Google LLC, 1600 Amphitheatre Parkway Mountain View, CA 94043, EUA (\u201cGoogle\u201d). Para tal, s\u00e3o utilizados cookies que permitem uma an\u00e1lise do uso do site pelos seus usu\u00e1rios. As informa\u00e7\u00f5es geradas pela an\u00e1lise s\u00e3o transmitidas ao servidor do provedor e l\u00e1 armazenadas. Pode evitar que isto aconte\u00e7a configurando o seu navegador de internet para que nenhum cookie seja armazenado.<\/p>\n<p>A Dra. Dora Saenger da Cruz possui um contrato para o processamento de dados de pedidos com o provedor.<\/p>\n<p>O processamento de dados \u00e9 feito com base nas disposi\u00e7\u00f5es legais do Art.\u00ba 96\u00ba, par\u00e1grafo 3 da Lei das Telecomunica\u00e7\u00f5es, bem como do Art.\u00ba 6\u00ba, par\u00e1grafo 1, al\u00ednea a (consentimento) e\/ou f (interesse leg\u00edtimo) do RGPD. A inten\u00e7\u00e3o da Dra. Dora Saenger da Cruz, nos termos do RGPD (interesse leg\u00edtimo), \u00e9 melhorar a sua oferta de servi\u00e7os e a apresenta\u00e7\u00e3o do seu site. Como considera importante a privacidade dos seus usu\u00e1rios, os dados dos usu\u00e1rios s\u00e3o pseudonimizados [a pseudonimiza\u00e7\u00e3o \u00e9 recomendada pelo motivo legal de \u201cinteresse leg\u00edtimo\u201d]. Para mais informa\u00e7\u00f5es sobre as condi\u00e7\u00f5es de uso do Google e para consultar a Pol\u00edtica de privacidade do Google, aceda <a href=\"https:\/\/www.google.com\/analytics\/terms\/de.html\">www.google.com\/analytics\/terms\/de.html<\/a> e <a href=\"https:\/\/www.google.at\/intl\/at\/policies\/\">https:\/\/www.google.at\/intl\/at\/policies\/<\/a>.<\/p>\n\t\t\t\t\t\t\t\t<\/div>\n\t\t\t\t<\/div>\n\t\t\t\t<div class=\"elementor-element elementor-element-e249521 elementor-widget elementor-widget-heading\" data-id=\"e249521\" data-element_type=\"widget\" data-e-type=\"widget\" data-widget_type=\"heading.default\">\n\t\t\t\t<div class=\"elementor-widget-container\">\n\t\t\t\t\t<h2 class=\"elementor-heading-title elementor-size-default\">Newsletter<\/h2>\t\t\t\t<\/div>\n\t\t\t\t<\/div>\n\t\t\t\t<div class=\"elementor-element elementor-element-2db5548 elementor-widget elementor-widget-text-editor\" data-id=\"2db5548\" data-element_type=\"widget\" data-e-type=\"widget\" data-widget_type=\"text-editor.default\">\n\t\t\t\t<div class=\"elementor-widget-container\">\n\t\t\t\t\t\t\t\t\t<p>Tem a possibilidade de assinar uma Newsletter atrav\u00e9s deste site. Para isso, a Dra. Dora Saenger da Cruz precisa do seu e-mail e da sua declara\u00e7\u00e3o em como concorda em receber a Newsletter.<\/p>\n<p>Pode cancelar a sua assinatura da Newsletter a qualquer altura. Basta enviar o seu pedido de cancelamento para: <a href=\"mailto:dorascruz@gmx.net\">dorascruz@gmx.net<\/a>. A Dra. Dora Saenger da Cruz apagar\u00e1 imediatamente os seus dados relacionados ao envio da Newsletter.<\/p>\n\t\t\t\t\t\t\t\t<\/div>\n\t\t\t\t<\/div>\n\t\t\t\t<div class=\"elementor-element elementor-element-5c68ca2 elementor-widget elementor-widget-heading\" data-id=\"5c68ca2\" data-element_type=\"widget\" data-e-type=\"widget\" data-widget_type=\"heading.default\">\n\t\t\t\t<div class=\"elementor-widget-container\">\n\t\t\t\t\t<h2 class=\"elementor-heading-title elementor-size-default\">Os seus direitos<\/h2>\t\t\t\t<\/div>\n\t\t\t\t<\/div>\n\t\t\t\t<div class=\"elementor-element elementor-element-ef4ab06 elementor-widget elementor-widget-text-editor\" data-id=\"ef4ab06\" data-element_type=\"widget\" data-e-type=\"widget\" data-widget_type=\"text-editor.default\">\n\t\t\t\t<div class=\"elementor-widget-container\">\n\t\t\t\t\t\t\t\t\t<p>Em princ\u00edpio, tem direito \u00e0 informa\u00e7\u00e3o, corre\u00e7\u00e3o, exclus\u00e3o, restri\u00e7\u00e3o, transmiss\u00e3o de dados, revoga\u00e7\u00e3o e oposi\u00e7\u00e3o. Se acredita que o processamento dos seus dados viola a lei de prote\u00e7\u00e3o de dados ou que seus direitos legais relativos \u00e0 prote\u00e7\u00e3o de dados foram violados de alguma outra forma, pode apresentar queixa a uma autoridade reguladora. Na \u00c1ustria, \u00e9 a Autoridade de Prote\u00e7\u00e3o de Dados.<\/p>\n\t\t\t\t\t\t\t\t<\/div>\n\t\t\t\t<\/div>\n\t\t\t\t<div class=\"elementor-element elementor-element-e666fd3 elementor-widget elementor-widget-heading\" data-id=\"e666fd3\" data-element_type=\"widget\" data-e-type=\"widget\" data-widget_type=\"heading.default\">\n\t\t\t\t<div class=\"elementor-widget-container\">\n\t\t\t\t\t<h2 class=\"elementor-heading-title elementor-size-default\">Outros assuntos<\/h2>\t\t\t\t<\/div>\n\t\t\t\t<\/div>\n\t\t\t\t<div class=\"elementor-element elementor-element-2addda9 elementor-widget elementor-widget-text-editor\" data-id=\"2addda9\" data-element_type=\"widget\" data-e-type=\"widget\" data-widget_type=\"text-editor.default\">\n\t\t\t\t<div class=\"elementor-widget-container\">\n\t\t\t\t\t\t\t\t\t<p>Gostaria de salientar que as express\u00f5es apresentadas em alguns casos apenas na forma masculina t\u00eam como objetivo facilitar a leitura. \u00c9 evidente que me refiro de igual modo a ambos os sexos.<\/p>\n\t\t\t\t\t\t\t\t<\/div>\n\t\t\t\t<\/div>\n\t\t\t\t<div class=\"elementor-element elementor-element-a91fdd5 elementor-widget elementor-widget-heading\" data-id=\"a91fdd5\" data-element_type=\"widget\" data-e-type=\"widget\" data-widget_type=\"heading.default\">\n\t\t\t\t<div class=\"elementor-widget-container\">\n\t\t\t\t\t<h2 class=\"elementor-heading-title elementor-size-default\">Fotografias<\/h2>\t\t\t\t<\/div>\n\t\t\t\t<\/div>\n\t\t\t\t<div class=\"elementor-element elementor-element-d7800e4 elementor-widget elementor-widget-text-editor\" data-id=\"d7800e4\" data-element_type=\"widget\" data-e-type=\"widget\" data-widget_type=\"text-editor.default\">\n\t\t\t\t<div class=\"elementor-widget-container\">\n\t\t\t\t\t\t\t\t\t<p>Todas as fotos encontradas no site <a href=\"http:\/\/www.gerichtsdolmetscher-wien.at\">www.gerichtsdolmetscher-wien.at<\/a> s\u00e3o propriedade da Dra. Dora Saenger da Cruz e n\u00e3o podem em nenhuma circunst\u00e2ncia ser baixadas ou utilizadas de qualquer outra forma.<\/p>\n\t\t\t\t\t\t\t\t<\/div>\n\t\t\t\t<\/div>\n\t\t\t\t<div class=\"elementor-element elementor-element-badc1d9 elementor-widget elementor-widget-heading\" data-id=\"badc1d9\" data-element_type=\"widget\" data-e-type=\"widget\" data-widget_type=\"heading.default\">\n\t\t\t\t<div class=\"elementor-widget-container\">\n\t\t\t\t\t<h2 class=\"elementor-heading-title elementor-size-default\">Pode entrar em contacto com a Dra. Dora Saenger da Cruz atrav\u00e9s dos seguintes meios:<\/h2>\t\t\t\t<\/div>\n\t\t\t\t<\/div>\n\t\t\t\t<div class=\"elementor-element elementor-element-50b8ac1 elementor-widget elementor-widget-text-editor\" data-id=\"50b8ac1\" data-element_type=\"widget\" data-e-type=\"widget\" data-widget_type=\"text-editor.default\">\n\t\t\t\t<div class=\"elementor-widget-container\">\n\t\t\t\t\t\t\t\t\t<p>Dra. Dora Saenger da Cruz<br \/><span style=\"font-size: 16px;color: var( --e-global-color-text )\">Thorvaldsengasse 34\/23<br \/><\/span><span style=\"font-size: 16px;color: var( --e-global-color-text )\">A-1120 Viena<br \/><\/span><span style=\"font-size: 16px;color: var( --e-global-color-text )\">Tel.: +43 699 189 00 884<br \/><\/span><span style=\"font-size: 16px;color: var( --e-global-color-text )\"><a href=\"mailto:dorascruz@gmx.net\">dorascruz@gmx.net<\/a><br \/><\/span><span style=\"font-size: 16px;color: var( --e-global-color-text )\"><a href=\"https:\/\/www.gerichtsdolmetscher-wien.at\">www.gerichtsdolmetscher-wien.at<\/a><\/span><\/p>\t\t\t\t\t\t\t\t<\/div>\n\t\t\t\t<\/div>\n\t\t\t\t<div class=\"elementor-element elementor-element-eb84d95 elementor-widget elementor-widget-spacer\" data-id=\"eb84d95\" data-element_type=\"widget\" data-e-type=\"widget\" data-widget_type=\"spacer.default\">\n\t\t\t\t<div class=\"elementor-widget-container\">\n\t\t\t\t\t\t\t<div class=\"elementor-spacer\">\n\t\t\t<div class=\"elementor-spacer-inner\"><\/div>\n\t\t<\/div>\n\t\t\t\t\t\t<\/div>\n\t\t\t\t<\/div>\n\t\t\t\t\t<\/div>\n\t\t<\/div>\n\t\t\t\t\t<\/div>\n\t\t<\/section>\n\t\t\t\t<\/div>\n\t\t","protected":false},"excerpt":{"rendered":"<p>Pol\u00edtica de Privacidade da Dra. Dora Saenger da Cruz A Dra. Dora Saenger da Cruz reconhece plenamente a import\u00e2ncia de proteger os seus dados pessoais. Neste sentido, este site processa os seus dados exclusivamente com base nas disposi\u00e7\u00f5es legais (RGPD, Lei das Telecomunica\u00e7\u00f5es 2003). Com esta declara\u00e7\u00e3o, a Dra. Dora Saenger da Cruz mostra como [&hellip;]<\/p>\n","protected":false},"author":3,"featured_media":0,"parent":0,"menu_order":0,"comment_status":"closed","ping_status":"closed","template":"","meta":{"_uag_custom_page_level_css":"","site-sidebar-layout":"no-sidebar","site-content-layout":"page-builder","ast-site-content-layout":"default","site-content-style":"default","site-sidebar-style":"default","ast-global-header-display":"","ast-banner-title-visibility":"","ast-main-header-display":"","ast-hfb-above-header-display":"","ast-hfb-below-header-display":"","ast-hfb-mobile-header-display":"","site-post-title":"disabled","ast-breadcrumbs-content":"","ast-featured-img":"disabled","footer-sml-layout":"","ast-disable-related-posts":"","theme-transparent-header-meta":"default","adv-header-id-meta":"","stick-header-meta":"default","header-above-stick-meta":"","header-main-stick-meta":"","header-below-stick-meta":"","astra-migrate-meta-layouts":"default","ast-page-background-enabled":"default","ast-page-background-meta":{"desktop":{"background-color":"","background-image":"","background-repeat":"repeat","background-position":"center center","background-size":"auto","background-attachment":"scroll","background-type":"","background-media":"","overlay-type":"","overlay-color":"","overlay-opacity":"","overlay-gradient":""},"tablet":{"background-color":"","background-image":"","background-repeat":"repeat","background-position":"center center","background-size":"auto","background-attachment":"scroll","background-type":"","background-media":"","overlay-type":"","overlay-color":"","overlay-opacity":"","overlay-gradient":""},"mobile":{"background-color":"","background-image":"","background-repeat":"repeat","background-position":"center center","background-size":"auto","background-attachment":"scroll","background-type":"","background-media":"","overlay-type":"","overlay-color":"","overlay-opacity":"","overlay-gradient":""}},"ast-content-background-meta":{"desktop":{"background-color":"var(--ast-global-color-5)","background-image":"","background-repeat":"repeat","background-position":"center center","background-size":"auto","background-attachment":"scroll","background-type":"","background-media":"","overlay-type":"","overlay-color":"","overlay-opacity":"","overlay-gradient":""},"tablet":{"background-color":"var(--ast-global-color-5)","background-image":"","background-repeat":"repeat","background-position":"center center","background-size":"auto","background-attachment":"scroll","background-type":"","background-media":"","overlay-type":"","overlay-color":"","overlay-opacity":"","overlay-gradient":""},"mobile":{"background-color":"var(--ast-global-color-5)","background-image":"","background-repeat":"repeat","background-position":"center center","background-size":"auto","background-attachment":"scroll","background-type":"","background-media":"","overlay-type":"","overlay-color":"","overlay-opacity":"","overlay-gradient":""}},"footnotes":""},"class_list":["post-6301","page","type-page","status-publish","hentry"],"yoast_head":"<!-- This site is optimized with the Yoast SEO plugin v27.4 - https:\/\/yoast.com\/product\/yoast-seo-wordpress\/ -->\n<title>Prote\u00e7\u00e3o de dados - Dora Saenger da Cruz<\/title>\n<meta name=\"robots\" content=\"index, follow, max-snippet:-1, max-image-preview:large, max-video-preview:-1\" \/>\n<link rel=\"canonical\" href=\"https:\/\/gerichtsdolmetscher-wien.at\/pt-pt\/protecao-de-dados\/\" \/>\n<meta property=\"og:locale\" content=\"pt_PT\" \/>\n<meta property=\"og:type\" content=\"article\" \/>\n<meta property=\"og:title\" content=\"Prote\u00e7\u00e3o de dados - Dora Saenger da Cruz\" \/>\n<meta property=\"og:description\" content=\"Pol\u00edtica de Privacidade da Dra. Dora Saenger da Cruz A Dra. Dora Saenger da Cruz reconhece plenamente a import\u00e2ncia de proteger os seus dados pessoais. Neste sentido, este site processa os seus dados exclusivamente com base nas disposi\u00e7\u00f5es legais (RGPD, Lei das Telecomunica\u00e7\u00f5es 2003). Com esta declara\u00e7\u00e3o, a Dra. Dora Saenger da Cruz mostra como [&hellip;]\" \/>\n<meta property=\"og:url\" content=\"https:\/\/gerichtsdolmetscher-wien.at\/pt-pt\/protecao-de-dados\/\" \/>\n<meta property=\"og:site_name\" content=\"Gerichtsdolmetscher Wien\" \/>\n<meta property=\"article:modified_time\" content=\"2025-05-09T08:35:08+00:00\" \/>\n<meta name=\"twitter:card\" content=\"summary_large_image\" \/>\n<meta name=\"twitter:label1\" content=\"Tempo estimado de leitura\" \/>\n\t<meta name=\"twitter:data1\" content=\"5 minutos\" \/>\n<script type=\"application\/ld+json\" class=\"yoast-schema-graph\">{\"@context\":\"https:\\\/\\\/schema.org\",\"@graph\":[{\"@type\":\"WebPage\",\"@id\":\"https:\\\/\\\/gerichtsdolmetscher-wien.at\\\/pt-pt\\\/protecao-de-dados\\\/\",\"url\":\"https:\\\/\\\/gerichtsdolmetscher-wien.at\\\/pt-pt\\\/protecao-de-dados\\\/\",\"name\":\"Prote\u00e7\u00e3o de dados - Dora Saenger da Cruz\",\"isPartOf\":{\"@id\":\"https:\\\/\\\/gerichtsdolmetscher-wien.at\\\/pt-pt\\\/#website\"},\"datePublished\":\"2021-05-07T11:37:58+00:00\",\"dateModified\":\"2025-05-09T08:35:08+00:00\",\"breadcrumb\":{\"@id\":\"https:\\\/\\\/gerichtsdolmetscher-wien.at\\\/pt-pt\\\/protecao-de-dados\\\/#breadcrumb\"},\"inLanguage\":\"pt-PT\",\"potentialAction\":[{\"@type\":\"ReadAction\",\"target\":[\"https:\\\/\\\/gerichtsdolmetscher-wien.at\\\/pt-pt\\\/protecao-de-dados\\\/\"]}]},{\"@type\":\"BreadcrumbList\",\"@id\":\"https:\\\/\\\/gerichtsdolmetscher-wien.at\\\/pt-pt\\\/protecao-de-dados\\\/#breadcrumb\",\"itemListElement\":[{\"@type\":\"ListItem\",\"position\":1,\"name\":\"In\u00edcio\",\"item\":\"https:\\\/\\\/gerichtsdolmetscher-wien.at\\\/pt-pt\\\/home\\\/\"},{\"@type\":\"ListItem\",\"position\":2,\"name\":\"Prote\u00e7\u00e3o de dados\"}]},{\"@type\":\"WebSite\",\"@id\":\"https:\\\/\\\/gerichtsdolmetscher-wien.at\\\/pt-pt\\\/#website\",\"url\":\"https:\\\/\\\/gerichtsdolmetscher-wien.at\\\/pt-pt\\\/\",\"name\":\"Gerichtsdolmetscher Wien\",\"description\":\"Ihr \u00dcbersetzungsb\u00fcro in Wien\",\"publisher\":{\"@id\":\"https:\\\/\\\/gerichtsdolmetscher-wien.at\\\/pt-pt\\\/#organization\"},\"potentialAction\":[{\"@type\":\"SearchAction\",\"target\":{\"@type\":\"EntryPoint\",\"urlTemplate\":\"https:\\\/\\\/gerichtsdolmetscher-wien.at\\\/pt-pt\\\/?s={search_term_string}\"},\"query-input\":{\"@type\":\"PropertyValueSpecification\",\"valueRequired\":true,\"valueName\":\"search_term_string\"}}],\"inLanguage\":\"pt-PT\"},{\"@type\":\"Organization\",\"@id\":\"https:\\\/\\\/gerichtsdolmetscher-wien.at\\\/pt-pt\\\/#organization\",\"name\":\"Gerichtsdolmetscher Wien\",\"url\":\"https:\\\/\\\/gerichtsdolmetscher-wien.at\\\/pt-pt\\\/\",\"logo\":{\"@type\":\"ImageObject\",\"inLanguage\":\"pt-PT\",\"@id\":\"https:\\\/\\\/gerichtsdolmetscher-wien.at\\\/pt-pt\\\/#\\\/schema\\\/logo\\\/image\\\/\",\"url\":\"https:\\\/\\\/gerichtsdolmetscher-wien.at\\\/wp-content\\\/uploads\\\/sites\\\/2\\\/2020\\\/10\\\/doraDE-nob-3.png\",\"contentUrl\":\"https:\\\/\\\/gerichtsdolmetscher-wien.at\\\/wp-content\\\/uploads\\\/sites\\\/2\\\/2020\\\/10\\\/doraDE-nob-3.png\",\"width\":967,\"height\":335,\"caption\":\"Gerichtsdolmetscher Wien\"},\"image\":{\"@id\":\"https:\\\/\\\/gerichtsdolmetscher-wien.at\\\/pt-pt\\\/#\\\/schema\\\/logo\\\/image\\\/\"}}]}<\/script>\n<!-- \/ Yoast SEO plugin. -->","yoast_head_json":{"title":"Prote\u00e7\u00e3o de dados - Dora Saenger da Cruz","robots":{"index":"index","follow":"follow","max-snippet":"max-snippet:-1","max-image-preview":"max-image-preview:large","max-video-preview":"max-video-preview:-1"},"canonical":"https:\/\/gerichtsdolmetscher-wien.at\/pt-pt\/protecao-de-dados\/","og_locale":"pt_PT","og_type":"article","og_title":"Prote\u00e7\u00e3o de dados - Dora Saenger da Cruz","og_description":"Pol\u00edtica de Privacidade da Dra. Dora Saenger da Cruz A Dra. Dora Saenger da Cruz reconhece plenamente a import\u00e2ncia de proteger os seus dados pessoais. Neste sentido, este site processa os seus dados exclusivamente com base nas disposi\u00e7\u00f5es legais (RGPD, Lei das Telecomunica\u00e7\u00f5es 2003). Com esta declara\u00e7\u00e3o, a Dra. Dora Saenger da Cruz mostra como [&hellip;]","og_url":"https:\/\/gerichtsdolmetscher-wien.at\/pt-pt\/protecao-de-dados\/","og_site_name":"Gerichtsdolmetscher Wien","article_modified_time":"2025-05-09T08:35:08+00:00","twitter_card":"summary_large_image","twitter_misc":{"Tempo estimado de leitura":"5 minutos"},"schema":{"@context":"https:\/\/schema.org","@graph":[{"@type":"WebPage","@id":"https:\/\/gerichtsdolmetscher-wien.at\/pt-pt\/protecao-de-dados\/","url":"https:\/\/gerichtsdolmetscher-wien.at\/pt-pt\/protecao-de-dados\/","name":"Prote\u00e7\u00e3o de dados - Dora Saenger da Cruz","isPartOf":{"@id":"https:\/\/gerichtsdolmetscher-wien.at\/pt-pt\/#website"},"datePublished":"2021-05-07T11:37:58+00:00","dateModified":"2025-05-09T08:35:08+00:00","breadcrumb":{"@id":"https:\/\/gerichtsdolmetscher-wien.at\/pt-pt\/protecao-de-dados\/#breadcrumb"},"inLanguage":"pt-PT","potentialAction":[{"@type":"ReadAction","target":["https:\/\/gerichtsdolmetscher-wien.at\/pt-pt\/protecao-de-dados\/"]}]},{"@type":"BreadcrumbList","@id":"https:\/\/gerichtsdolmetscher-wien.at\/pt-pt\/protecao-de-dados\/#breadcrumb","itemListElement":[{"@type":"ListItem","position":1,"name":"In\u00edcio","item":"https:\/\/gerichtsdolmetscher-wien.at\/pt-pt\/home\/"},{"@type":"ListItem","position":2,"name":"Prote\u00e7\u00e3o de dados"}]},{"@type":"WebSite","@id":"https:\/\/gerichtsdolmetscher-wien.at\/pt-pt\/#website","url":"https:\/\/gerichtsdolmetscher-wien.at\/pt-pt\/","name":"Gerichtsdolmetscher Wien","description":"Ihr \u00dcbersetzungsb\u00fcro in Wien","publisher":{"@id":"https:\/\/gerichtsdolmetscher-wien.at\/pt-pt\/#organization"},"potentialAction":[{"@type":"SearchAction","target":{"@type":"EntryPoint","urlTemplate":"https:\/\/gerichtsdolmetscher-wien.at\/pt-pt\/?s={search_term_string}"},"query-input":{"@type":"PropertyValueSpecification","valueRequired":true,"valueName":"search_term_string"}}],"inLanguage":"pt-PT"},{"@type":"Organization","@id":"https:\/\/gerichtsdolmetscher-wien.at\/pt-pt\/#organization","name":"Gerichtsdolmetscher Wien","url":"https:\/\/gerichtsdolmetscher-wien.at\/pt-pt\/","logo":{"@type":"ImageObject","inLanguage":"pt-PT","@id":"https:\/\/gerichtsdolmetscher-wien.at\/pt-pt\/#\/schema\/logo\/image\/","url":"https:\/\/gerichtsdolmetscher-wien.at\/wp-content\/uploads\/sites\/2\/2020\/10\/doraDE-nob-3.png","contentUrl":"https:\/\/gerichtsdolmetscher-wien.at\/wp-content\/uploads\/sites\/2\/2020\/10\/doraDE-nob-3.png","width":967,"height":335,"caption":"Gerichtsdolmetscher Wien"},"image":{"@id":"https:\/\/gerichtsdolmetscher-wien.at\/pt-pt\/#\/schema\/logo\/image\/"}}]}},"uagb_featured_image_src":{"full":false,"thumbnail":false,"medium":false,"medium_large":false,"large":false,"1536x1536":false,"2048x2048":false,"gform-image-choice-sm":false,"gform-image-choice-md":false,"gform-image-choice-lg":false},"uagb_author_info":{"display_name":"","author_link":"https:\/\/gerichtsdolmetscher-wien.at\/pt-pt\/blog\/author\/"},"uagb_comment_info":0,"uagb_excerpt":"Pol\u00edtica de Privacidade da Dra. Dora Saenger da Cruz A Dra. Dora Saenger da Cruz reconhece plenamente a import\u00e2ncia de proteger os seus dados pessoais. Neste sentido, este site processa os seus dados exclusivamente com base nas disposi\u00e7\u00f5es legais (RGPD, Lei das Telecomunica\u00e7\u00f5es 2003). Com esta declara\u00e7\u00e3o, a Dra. Dora Saenger da Cruz mostra como&hellip;","_links":{"self":[{"href":"https:\/\/gerichtsdolmetscher-wien.at\/pt-pt\/wp-json\/wp\/v2\/pages\/6301","targetHints":{"allow":["GET"]}}],"collection":[{"href":"https:\/\/gerichtsdolmetscher-wien.at\/pt-pt\/wp-json\/wp\/v2\/pages"}],"about":[{"href":"https:\/\/gerichtsdolmetscher-wien.at\/pt-pt\/wp-json\/wp\/v2\/types\/page"}],"author":[{"embeddable":true,"href":"https:\/\/gerichtsdolmetscher-wien.at\/pt-pt\/wp-json\/wp\/v2\/users\/3"}],"replies":[{"embeddable":true,"href":"https:\/\/gerichtsdolmetscher-wien.at\/pt-pt\/wp-json\/wp\/v2\/comments?post=6301"}],"version-history":[{"count":9,"href":"https:\/\/gerichtsdolmetscher-wien.at\/pt-pt\/wp-json\/wp\/v2\/pages\/6301\/revisions"}],"predecessor-version":[{"id":6657,"href":"https:\/\/gerichtsdolmetscher-wien.at\/pt-pt\/wp-json\/wp\/v2\/pages\/6301\/revisions\/6657"}],"wp:attachment":[{"href":"https:\/\/gerichtsdolmetscher-wien.at\/pt-pt\/wp-json\/wp\/v2\/media?parent=6301"}],"curies":[{"name":"wp","href":"https:\/\/api.w.org\/{rel}","templated":true}]}}